{"id":5595,"date":"2022-11-21T14:10:24","date_gmt":"2022-11-21T11:10:24","guid":{"rendered":"https:\/\/www.interplastkimya.com\/?page_id=5595"},"modified":"2025-06-24T11:34:52","modified_gmt":"2025-06-24T08:34:52","slug":"kariyer","status":"publish","type":"page","link":"https:\/\/interplastkimya.com\/tr\/kariyer\/","title":{"rendered":"Kariyer"},"content":{"rendered":"\n<style type=\"text\/css\" data-created_by=\"avia_inline_auto\" id=\"style-css-av-mca9s1el-87c0329584c23e20101d3e87a77c59d1\">\n.avia-section.av-mca9s1el-87c0329584c23e20101d3e87a77c59d1{\nbackground-repeat:no-repeat;\nbackground-image:url(https:\/\/interplastkimya.com\/wp-content\/uploads\/2022\/11\/kariyerinterplast-1500x844-1-300x169.jpg);\nbackground-position:50% 50%;\nbackground-attachment:fixed;\nmargin-bottom:30px;\n}\n.avia-section.av-mca9s1el-87c0329584c23e20101d3e87a77c59d1 .av-section-color-overlay{\nopacity:0.7;\nbackground-color:#2a427c;\n}\n<\/style>\n<div id='av_section_1'  class='avia-section av-mca9s1el-87c0329584c23e20101d3e87a77c59d1 main_color avia-section-default avia-no-border-styling  avia-builder-el-0  el_before_av_layout_row  avia-builder-el-first  avia-full-stretch avia-bg-style-fixed av-section-color-overlay-active av-minimum-height av-minimum-height-custom  container_wrap fullsize'  data-section-bg-repeat='stretch' data-av_minimum_height_px='370'><div class=\"av-section-color-overlay-wrap\"><div class=\"av-section-color-overlay\"><\/div><div class='container av-section-cont-open' style='height:370px'><main  role=\"main\" itemprop=\"mainContentOfPage\"  class='template-page content  av-content-full alpha units'><div class='post-entry post-entry-type-page post-entry-5595'><div class='entry-content-wrapper clearfix'>\n\n<style type=\"text\/css\" data-created_by=\"avia_inline_auto\" id=\"style-css-av-av_textblock-885c4c8d4104b32c88e26a301b972633\">\n#top .av_textblock_section.av-av_textblock-885c4c8d4104b32c88e26a301b972633 .avia_textblock{\ncolor:#ffffff;\ntext-align:left;\n}\n<\/style>\n<section  class='av_textblock_section av-av_textblock-885c4c8d4104b32c88e26a301b972633'  itemscope=\"itemscope\" itemtype=\"https:\/\/schema.org\/CreativeWork\" ><div class='avia_textblock av_inherit_color'  itemprop=\"text\" ><p style=\"text-align: left;\"><div class=\"breadcrumb breadcrumbs avia-breadcrumbs\"><div class=\"breadcrumb-trail\" ><span  itemscope=\"itemscope\" itemtype=\"https:\/\/schema.org\/BreadcrumbList\" ><span  itemscope=\"itemscope\" itemtype=\"https:\/\/schema.org\/ListItem\" itemprop=\"itemListElement\" ><a itemprop=\"url\" href=\"https:\/\/interplastkimya.com\/tr\/\" title=\"Interplast\" rel=\"home\" class=\"trail-begin\"><span itemprop=\"name\">Anasayfa<\/span><\/a><span itemprop=\"position\" class=\"hidden\">1<\/span><\/span><\/span><\/div><\/div><\/p>\n<\/div><\/section>\n<div class='flex_column av-av_one_third-7714eba142aeda1f8b5272a3c372b279 av_one_third  avia-builder-el-2  el_after_av_textblock  el_before_av_one_third  first flex_column_div column-top-margin'     ><\/div><div class='flex_column av-av_one_third-f1c518e9ff58e869f80c8f093487abc9 av_one_third  avia-builder-el-3  el_after_av_one_third  el_before_av_one_third  flex_column_div column-top-margin'     ><section  class='av_textblock_section av-la7x4ql5-cbc641fe1def17e9d54067150ddd7aba'  itemscope=\"itemscope\" itemtype=\"https:\/\/schema.org\/CreativeWork\" ><div class='avia_textblock'  itemprop=\"text\" ><p><center><span style=\"color: #ffffff; text-align: center; font-size: 40px;\">Kariyer<\/span><\/center><\/p>\n<\/div><\/section><\/div><div class='flex_column av-av_one_third-f1c518e9ff58e869f80c8f093487abc9 av_one_third  avia-builder-el-5  el_after_av_one_third  avia-builder-el-last  flex_column_div column-top-margin'     ><\/div><\/div><\/div><\/main><!-- close content main element --><\/div><\/div><\/div><div id='gridwk'  class='av-layout-grid-container av-la7x7ks4-ebb453d508cc0c4ce76a54bd5ddee959 entry-content-wrapper main_color av-flex-cells  avia-builder-el-6  el_after_av_section  el_before_av_layout_row  gridwk grid-row-not-first av-mini-hide container_wrap fullsize'  >\n<div class='flex_cell av-b2av31-2873af95fc759d4c4073db256ef01174 av-gridrow-cell av_one_full no_margin  avia-builder-el-7  avia-builder-el-no-sibling ' ><div class='flex_cell_inner'><p><div class='flex_column av-9nky25-cb3913f4108a1d09053361f877000b43 av_one_half  avia-builder-el-8  el_before_av_one_half  avia-builder-el-first  first flex_column_div '     ><section  class='av_textblock_section av-la7x7wjx-8c3b602d74c979d47399960b9548d479'  itemscope=\"itemscope\" itemtype=\"https:\/\/schema.org\/CreativeWork\" ><div class='avia_textblock'  itemprop=\"text\" ><h2><span style=\"color: #2c3f71;\">Kariyer planlar\u0131n\u0131z\u0131 sizinle birlikte tasarlayarak; gelece\u011finizi ve gelece\u011fimizi sizinle birlikte \u015fekillendirmeyi hedefliyoruz.<\/span><\/h2>\n<\/div><\/section><br \/>\n\n<style type=\"text\/css\" data-created_by=\"avia_inline_auto\" id=\"style-css-av-la7x88p5-15e6dabd60339e59b386f62e24bafd8a\">\n#top .hr.hr-invisible.av-la7x88p5-15e6dabd60339e59b386f62e24bafd8a{\nheight:20px;\n}\n<\/style>\n<div  class='hr av-la7x88p5-15e6dabd60339e59b386f62e24bafd8a hr-invisible  avia-builder-el-10  el_after_av_textblock  el_before_av_textblock '><span class='hr-inner '><span class=\"hr-inner-style\"><\/span><\/span><\/div><br \/>\n<section  class='av_textblock_section av-la7x8jee-6b0c22a798fd2ed491e793af3209a728'  itemscope=\"itemscope\" itemtype=\"https:\/\/schema.org\/CreativeWork\" ><div class='avia_textblock'  itemprop=\"text\" ><h4>Bir kurumun en \u00f6nemli ve de\u011ferli yap\u0131 ta\u015f\u0131n\u0131n insan kayna\u011f\u0131 oldu\u011funun bilincindeyiz. Bu nedenle en b\u00fcy\u00fck yat\u0131r\u0131m\u0131m\u0131z\u0131 insan kayna\u011f\u0131na yap\u0131yoruz.<\/h4>\n<\/div><\/section><br \/>\n\n<style type=\"text\/css\" data-created_by=\"avia_inline_auto\" id=\"style-css-av-stw7h-8e7c9853972df658a2b21848b219aba3\">\n#top .hr.hr-invisible.av-stw7h-8e7c9853972df658a2b21848b219aba3{\nheight:20px;\n}\n<\/style>\n<div  class='hr av-stw7h-8e7c9853972df658a2b21848b219aba3 hr-invisible  avia-builder-el-12  el_after_av_textblock  el_before_av_textblock '><span class='hr-inner '><span class=\"hr-inner-style\"><\/span><\/span><\/div><br \/>\n<section  class='av_textblock_section av-la7x9hbd-12868d5884ea3759ff401d7764e04221'  itemscope=\"itemscope\" itemtype=\"https:\/\/schema.org\/CreativeWork\" ><div class='avia_textblock'  itemprop=\"text\" ><p>INTERPLAST K\u0130MYA suni deri ve tekstil kaplama sekt\u00f6r\u00fcnde 40 y\u0131l\u0131 a\u015fk\u0131n s\u00fcredir \u00fcst\u00fcn kalite, h\u0131zl\u0131 hizmet, etkin fiyat ve m\u00fc\u015fteri odakl\u0131 \u00f6zel memnuniyet politikalar\u0131 ile liderli\u011fini s\u00fcrd\u00fcrmektedir. Ge\u00e7mi\u015f deneyimlerinden yararlanarak ekonomik ba\u015far\u0131s\u0131n\u0131 kimya teknolojisi ile birle\u015ftirdi. Yenilik\u00e7i \u00fcr\u00fcn kompozisyonu ile yap\u0131land\u0131r\u0131lm\u0131\u015f; T\u00fcrkiye&#8217;nin ilk terbiye ve poli\u00fcretan \u00fcreticisi olmay\u0131 ba\u015farm\u0131\u015f, s\u00fcrd\u00fcr\u00fclebilir gelecek hedefi benimsemi\u015f dinamik bir firmad\u0131r.<\/p>\n<p><a href=\"https:\/\/www.kariyer.net\/firma-profil\/interplast-kimya-137644-61214\"><img loading=\"lazy\" decoding=\"async\" class=\"alignnone size-medium wp-image-5013\" src=\"https:\/\/www.interplastkimya.com\/wp-content\/uploads\/2022\/11\/kariyernet-logo-1140x539-1-300x142-1.png\" alt=\"\" width=\"300\" height=\"142\" \/><\/a><\/p>\n<\/div><\/section><\/p><\/div><div class='flex_column av-5wn9il-59b3f7b497c692fe7a35d233a6abb31f av_one_half  avia-builder-el-14  el_after_av_one_half  el_before_av_hr  flex_column_div '     ><section  class='av_textblock_section av-la7xainv-d3eeb3f3ff14744fa7e4ccaa7fe3a8da'  itemscope=\"itemscope\" itemtype=\"https:\/\/schema.org\/CreativeWork\" ><div class='avia_textblock'  itemprop=\"text\" ><h2><span style=\"color: #2c3f71;\">\u015eimdi Uygula!<\/span><\/h2>\n<\/div><\/section><br \/>\n\n<style type=\"text\/css\" data-created_by=\"avia_inline_auto\" id=\"style-css-av-la7xb8nx-05e67855de9e63331b708bc74534bca1\">\n#top .hr.av-la7xb8nx-05e67855de9e63331b708bc74534bca1{\nmargin-top:0px;\nmargin-bottom:0px;\n}\n.hr.av-la7xb8nx-05e67855de9e63331b708bc74534bca1 .hr-inner{\nwidth:300px;\nborder-color:#2c3f71;\n}\n<\/style>\n<div  class='hr av-la7xb8nx-05e67855de9e63331b708bc74534bca1 hr-custom  avia-builder-el-16  el_after_av_textblock  el_before_av_codeblock  hr-left hr-icon-no'><span class='hr-inner inner-border-av-border-thin'><span class=\"hr-inner-style\"><\/span><\/span><\/div><br \/>\n<\/p><\/div>\n<style type=\"text\/css\" data-created_by=\"avia_inline_auto\" id=\"style-css-av-2j7h99-770fc97da3a53fc45234459d2fdd9a6f\">\n#top .hr.hr-invisible.av-2j7h99-770fc97da3a53fc45234459d2fdd9a6f{\nheight:50px;\n}\n<\/style>\n<div  class='hr av-2j7h99-770fc97da3a53fc45234459d2fdd9a6f hr-invisible  avia-builder-el-18  el_after_av_one_half  avia-builder-el-last '><span class='hr-inner '><span class=\"hr-inner-style\"><\/span><\/span><\/div><\/p>\n<\/div><\/div>\n<\/div><\/p>\n<div id='gridwk'  class='av-layout-grid-container av-lajlp4pk-687bc06f0dca672da2d76d92ee871617 entry-content-wrapper main_color av-flex-cells  avia-builder-el-19  el_after_av_layout_row  avia-builder-el-last  gridwk grid-row-not-first av-desktop-hide av-medium-hide av-small-hide container_wrap fullsize'  >\n\n<style type=\"text\/css\" data-created_by=\"avia_inline_auto\" id=\"style-css-av-lajlq4w1-7538f803ca2cadc97ac86debacb5f287\">\n.flex_cell.av-lajlq4w1-7538f803ca2cadc97ac86debacb5f287{\nvertical-align:top;\n}\n<\/style>\n<div class='flex_cell av-lajlq4w1-7538f803ca2cadc97ac86debacb5f287 av-gridrow-cell av_one_full no_margin  avia-builder-el-20  avia-builder-el-no-sibling ' ><div class='flex_cell_inner'><p><div class='flex_column av-im3o65-c4fc33f173a7cd026d904b798891afa9 av_one_full  avia-builder-el-21  el_before_av_one_full  avia-builder-el-first  first flex_column_div '     ><section  class='av_textblock_section av-gulsi5-1a7c7ab65d9d6f0599f9f8c7dbcb7643'  itemscope=\"itemscope\" itemtype=\"https:\/\/schema.org\/CreativeWork\" ><div class='avia_textblock'  itemprop=\"text\" ><h2><span style=\"color: #2c3f71;\">Kariyer planlar\u0131n\u0131z\u0131 sizinle birlikte tasarlayarak; gelece\u011finizi ve gelece\u011fimizi sizinle birlikte \u015fekillendirmeyi hedefliyoruz.<\/span><\/h2>\n<\/div><\/section><br \/>\n\n<style type=\"text\/css\" data-created_by=\"avia_inline_auto\" id=\"style-css-av-fmf7p9-8b6bbfe2256b1041b458c66f12f4876a\">\n#top .hr.hr-invisible.av-fmf7p9-8b6bbfe2256b1041b458c66f12f4876a{\nheight:20px;\n}\n<\/style>\n<div  class='hr av-fmf7p9-8b6bbfe2256b1041b458c66f12f4876a hr-invisible  avia-builder-el-23  el_after_av_textblock  el_before_av_textblock '><span class='hr-inner '><span class=\"hr-inner-style\"><\/span><\/span><\/div><br \/>\n<section  class='av_textblock_section av-1cazel-0fe780eace92235c8655cf68f50b478e'  itemscope=\"itemscope\" itemtype=\"https:\/\/schema.org\/CreativeWork\" ><div class='avia_textblock'  itemprop=\"text\" ><h4>Bir kurumun en \u00f6nemli ve de\u011ferli yap\u0131 ta\u015f\u0131n\u0131n insan kayna\u011f\u0131 oldu\u011funun bilincindeyiz. Bu nedenle en b\u00fcy\u00fck yat\u0131r\u0131m\u0131m\u0131z\u0131 insan kayna\u011f\u0131na yap\u0131yoruz.<\/h4>\n<\/div><\/section><br \/>\n\n<style type=\"text\/css\" data-created_by=\"avia_inline_auto\" id=\"style-css-av-cjol6l-da874227f30348aefcd3b0f00c922494\">\n#top .hr.hr-invisible.av-cjol6l-da874227f30348aefcd3b0f00c922494{\nheight:20px;\n}\n<\/style>\n<div  class='hr av-cjol6l-da874227f30348aefcd3b0f00c922494 hr-invisible  avia-builder-el-25  el_after_av_textblock  el_before_av_textblock '><span class='hr-inner '><span class=\"hr-inner-style\"><\/span><\/span><\/div><br \/>\n<section  class='av_textblock_section av-b6wz0t-f8adcf6d685907023a191f5e51a4b465'  itemscope=\"itemscope\" itemtype=\"https:\/\/schema.org\/CreativeWork\" ><div class='avia_textblock'  itemprop=\"text\" ><p>INTERPLAST K\u0130MYA suni deri ve tekstil kaplama sekt\u00f6r\u00fcnde 40 y\u0131l\u0131 a\u015fk\u0131n s\u00fcredir \u00fcst\u00fcn kalite, h\u0131zl\u0131 hizmet, etkin fiyat ve m\u00fc\u015fteri odakl\u0131 \u00f6zel memnuniyet politikalar\u0131 ile liderli\u011fini s\u00fcrd\u00fcrmektedir. Ge\u00e7mi\u015f deneyimlerinden yararlanarak ekonomik ba\u015far\u0131s\u0131n\u0131 kimya teknolojisi ile birle\u015ftirdi. Yenilik\u00e7i \u00fcr\u00fcn kompozisyonu ile yap\u0131land\u0131r\u0131lm\u0131\u015f; T\u00fcrkiye&#8217;nin ilk terbiye ve poli\u00fcretan \u00fcreticisi olmay\u0131 ba\u015farm\u0131\u015f, s\u00fcrd\u00fcr\u00fclebilir gelecek hedefi benimsemi\u015f dinamik bir firmad\u0131r.<\/p>\n<p><a href=\"https:\/\/www.kariyer.net\/firma-profil\/interplast-kimya-137644-61214\"><img loading=\"lazy\" decoding=\"async\" class=\"alignnone size-medium wp-image-5013\" src=\"https:\/\/www.interplastkimya.com\/wp-content\/uploads\/2022\/11\/kariyernet-logo-1140x539-1-300x142-1.png\" alt=\"\" width=\"300\" height=\"142\" \/><\/a><\/p>\n<\/div><\/section><\/p><\/div><div class='flex_column av-8ze3r1-5a5a6ea1515a8bd30cae1fa49dc79095 av_one_full  avia-builder-el-27  el_after_av_one_full  el_before_av_hr  first flex_column_div column-top-margin'     ><section  class='av_textblock_section av-84mf7h-cad1bb81a77b8ec8f91f2d0f271b5fe9'  itemscope=\"itemscope\" itemtype=\"https:\/\/schema.org\/CreativeWork\" ><div class='avia_textblock'  itemprop=\"text\" ><h2><span style=\"color: #2c3f71;\">\u015eimdi Uygula!<\/span><\/h2>\n<\/div><\/section><br \/>\n\n<style type=\"text\/css\" data-created_by=\"avia_inline_auto\" id=\"style-css-av-6jddod-da660fab24138ec789f91686a45d2a89\">\n#top .hr.av-6jddod-da660fab24138ec789f91686a45d2a89{\nmargin-top:0px;\nmargin-bottom:0px;\n}\n.hr.av-6jddod-da660fab24138ec789f91686a45d2a89 .hr-inner{\nwidth:300px;\nborder-color:#2c3f71;\n}\n<\/style>\n<div  class='hr av-6jddod-da660fab24138ec789f91686a45d2a89 hr-custom  avia-builder-el-29  el_after_av_textblock  el_before_av_codeblock  hr-left hr-icon-no'><span class='hr-inner inner-border-av-border-thin'><span class=\"hr-inner-style\"><\/span><\/span><\/div><br \/>\n<\/p><\/div>\n<style type=\"text\/css\" data-created_by=\"avia_inline_auto\" id=\"style-css-av-265nod-01c9f5d10a88580c48ef487c1e0f3c42\">\n#top .hr.hr-invisible.av-265nod-01c9f5d10a88580c48ef487c1e0f3c42{\nheight:50px;\n}\n<\/style>\n<div  class='hr av-265nod-01c9f5d10a88580c48ef487c1e0f3c42 hr-invisible  avia-builder-el-31  el_after_av_one_full  avia-builder-el-last '><span class='hr-inner '><span class=\"hr-inner-style\"><\/span><\/span><\/div><\/p>\n<\/div><\/div>\n<\/div>\n","protected":false},"excerpt":{"rendered":"","protected":false},"author":1,"featured_media":0,"parent":0,"menu_order":0,"comment_status":"closed","ping_status":"closed","template":"","meta":{"footnotes":""},"class_list":["post-5595","page","type-page","status-publish","hentry"],"yoast_head":"<!-- This site is optimized with the Yoast SEO plugin v24.9 - https:\/\/yoast.com\/wordpress\/plugins\/seo\/ -->\n<title>Kariyer - Interplast<\/title>\n<meta name=\"robots\" content=\"index, follow, max-snippet:-1, max-image-preview:large, max-video-preview:-1\" \/>\n<link rel=\"canonical\" href=\"https:\/\/interplastkimya.com\/tr\/kariyer\/\" \/>\n<meta property=\"og:locale\" content=\"tr_TR\" \/>\n<meta property=\"og:type\" content=\"article\" \/>\n<meta property=\"og:title\" content=\"Kariyer - Interplast\" \/>\n<meta property=\"og:url\" content=\"https:\/\/interplastkimya.com\/tr\/kariyer\/\" \/>\n<meta property=\"og:site_name\" content=\"Interplast\" \/>\n<meta property=\"article:modified_time\" content=\"2025-06-24T08:34:52+00:00\" \/>\n<meta name=\"twitter:card\" content=\"summary_large_image\" \/>\n<meta name=\"twitter:label1\" content=\"Tahmini okuma s\u00fcresi\" \/>\n\t<meta name=\"twitter:data1\" content=\"2 dakika\" \/>\n<script type=\"application\/ld+json\" class=\"yoast-schema-graph\">{\"@context\":\"https:\/\/schema.org\",\"@graph\":[{\"@type\":\"WebPage\",\"@id\":\"https:\/\/interplastkimya.com\/tr\/kariyer\/\",\"url\":\"https:\/\/interplastkimya.com\/tr\/kariyer\/\",\"name\":\"Kariyer - Interplast\",\"isPartOf\":{\"@id\":\"https:\/\/interplastkimya.com\/tr\/#website\"},\"primaryImageOfPage\":{\"@id\":\"https:\/\/interplastkimya.com\/tr\/kariyer\/#primaryimage\"},\"image\":{\"@id\":\"https:\/\/interplastkimya.com\/tr\/kariyer\/#primaryimage\"},\"thumbnailUrl\":\"https:\/\/www.interplastkimya.com\/wp-content\/uploads\/2022\/11\/kariyernet-logo-1140x539-1-300x142-1.png\",\"datePublished\":\"2022-11-21T11:10:24+00:00\",\"dateModified\":\"2025-06-24T08:34:52+00:00\",\"breadcrumb\":{\"@id\":\"https:\/\/interplastkimya.com\/tr\/kariyer\/#breadcrumb\"},\"inLanguage\":\"tr\",\"potentialAction\":[{\"@type\":\"ReadAction\",\"target\":[\"https:\/\/interplastkimya.com\/tr\/kariyer\/\"]}]},{\"@type\":\"ImageObject\",\"inLanguage\":\"tr\",\"@id\":\"https:\/\/interplastkimya.com\/tr\/kariyer\/#primaryimage\",\"url\":\"https:\/\/www.interplastkimya.com\/wp-content\/uploads\/2022\/11\/kariyernet-logo-1140x539-1-300x142-1.png\",\"contentUrl\":\"https:\/\/www.interplastkimya.com\/wp-content\/uploads\/2022\/11\/kariyernet-logo-1140x539-1-300x142-1.png\"},{\"@type\":\"BreadcrumbList\",\"@id\":\"https:\/\/interplastkimya.com\/tr\/kariyer\/#breadcrumb\",\"itemListElement\":[{\"@type\":\"ListItem\",\"position\":1,\"name\":\"Home\",\"item\":\"https:\/\/interplastkimya.com\/tr\/\"},{\"@type\":\"ListItem\",\"position\":2,\"name\":\"Kariyer\"}]},{\"@type\":\"WebSite\",\"@id\":\"https:\/\/interplastkimya.com\/tr\/#website\",\"url\":\"https:\/\/interplastkimya.com\/tr\/\",\"name\":\"Interplast\",\"description\":\"\",\"potentialAction\":[{\"@type\":\"SearchAction\",\"target\":{\"@type\":\"EntryPoint\",\"urlTemplate\":\"https:\/\/interplastkimya.com\/tr\/?s={search_term_string}\"},\"query-input\":{\"@type\":\"PropertyValueSpecification\",\"valueRequired\":true,\"valueName\":\"search_term_string\"}}],\"inLanguage\":\"tr\"}]}<\/script>\n<!-- \/ Yoast SEO plugin. -->","yoast_head_json":{"title":"Kariyer - Interplast","robots":{"index":"index","follow":"follow","max-snippet":"max-snippet:-1","max-image-preview":"max-image-preview:large","max-video-preview":"max-video-preview:-1"},"canonical":"https:\/\/interplastkimya.com\/tr\/kariyer\/","og_locale":"tr_TR","og_type":"article","og_title":"Kariyer - Interplast","og_url":"https:\/\/interplastkimya.com\/tr\/kariyer\/","og_site_name":"Interplast","article_modified_time":"2025-06-24T08:34:52+00:00","twitter_card":"summary_large_image","twitter_misc":{"Tahmini okuma s\u00fcresi":"2 dakika"},"schema":{"@context":"https:\/\/schema.org","@graph":[{"@type":"WebPage","@id":"https:\/\/interplastkimya.com\/tr\/kariyer\/","url":"https:\/\/interplastkimya.com\/tr\/kariyer\/","name":"Kariyer - Interplast","isPartOf":{"@id":"https:\/\/interplastkimya.com\/tr\/#website"},"primaryImageOfPage":{"@id":"https:\/\/interplastkimya.com\/tr\/kariyer\/#primaryimage"},"image":{"@id":"https:\/\/interplastkimya.com\/tr\/kariyer\/#primaryimage"},"thumbnailUrl":"https:\/\/www.interplastkimya.com\/wp-content\/uploads\/2022\/11\/kariyernet-logo-1140x539-1-300x142-1.png","datePublished":"2022-11-21T11:10:24+00:00","dateModified":"2025-06-24T08:34:52+00:00","breadcrumb":{"@id":"https:\/\/interplastkimya.com\/tr\/kariyer\/#breadcrumb"},"inLanguage":"tr","potentialAction":[{"@type":"ReadAction","target":["https:\/\/interplastkimya.com\/tr\/kariyer\/"]}]},{"@type":"ImageObject","inLanguage":"tr","@id":"https:\/\/interplastkimya.com\/tr\/kariyer\/#primaryimage","url":"https:\/\/www.interplastkimya.com\/wp-content\/uploads\/2022\/11\/kariyernet-logo-1140x539-1-300x142-1.png","contentUrl":"https:\/\/www.interplastkimya.com\/wp-content\/uploads\/2022\/11\/kariyernet-logo-1140x539-1-300x142-1.png"},{"@type":"BreadcrumbList","@id":"https:\/\/interplastkimya.com\/tr\/kariyer\/#breadcrumb","itemListElement":[{"@type":"ListItem","position":1,"name":"Home","item":"https:\/\/interplastkimya.com\/tr\/"},{"@type":"ListItem","position":2,"name":"Kariyer"}]},{"@type":"WebSite","@id":"https:\/\/interplastkimya.com\/tr\/#website","url":"https:\/\/interplastkimya.com\/tr\/","name":"Interplast","description":"","potentialAction":[{"@type":"SearchAction","target":{"@type":"EntryPoint","urlTemplate":"https:\/\/interplastkimya.com\/tr\/?s={search_term_string}"},"query-input":{"@type":"PropertyValueSpecification","valueRequired":true,"valueName":"search_term_string"}}],"inLanguage":"tr"}]}},"_links":{"self":[{"href":"https:\/\/interplastkimya.com\/tr\/wp-json\/wp\/v2\/pages\/5595","targetHints":{"allow":["GET"]}}],"collection":[{"href":"https:\/\/interplastkimya.com\/tr\/wp-json\/wp\/v2\/pages"}],"about":[{"href":"https:\/\/interplastkimya.com\/tr\/wp-json\/wp\/v2\/types\/page"}],"author":[{"embeddable":true,"href":"https:\/\/interplastkimya.com\/tr\/wp-json\/wp\/v2\/users\/1"}],"replies":[{"embeddable":true,"href":"https:\/\/interplastkimya.com\/tr\/wp-json\/wp\/v2\/comments?post=5595"}],"version-history":[{"count":7,"href":"https:\/\/interplastkimya.com\/tr\/wp-json\/wp\/v2\/pages\/5595\/revisions"}],"predecessor-version":[{"id":7068,"href":"https:\/\/interplastkimya.com\/tr\/wp-json\/wp\/v2\/pages\/5595\/revisions\/7068"}],"wp:attachment":[{"href":"https:\/\/interplastkimya.com\/tr\/wp-json\/wp\/v2\/media?parent=5595"}],"curies":[{"name":"wp","href":"https:\/\/api.w.org\/{rel}","templated":true}]}}